{"id":22,"date":"2025-10-04T04:59:05","date_gmt":"2025-10-04T04:59:05","guid":{"rendered":"https:\/\/adempresarial.com\/?page_id=22"},"modified":"2026-04-10T06:35:06","modified_gmt":"2026-04-10T06:35:06","slug":"anticipando-cambios","status":"publish","type":"page","link":"https:\/\/adempresarial.com\/","title":{"rendered":"Nuestra propuesta de valor"},"content":{"rendered":"\n<p>Acompa\u00f1amos a organizaciones que enfrentan cambios operativos, tecnol\u00f3gicos y culturales a convertir esos cambios en capacidades reales de atenci\u00f3n, aprendizaje y ejecuci\u00f3n. <br><br>Dise\u00f1amos metodolog\u00edas de atenci\u00f3n, trayectorias formativas y sistemas de soporte al desempe\u00f1o que conectan estrategia, procesos y tecnolog\u00eda con el trabajo diario de las personas. <br><br><em>De esta forma ayudamos a reducir la brecha entre lo que la organizaci\u00f3n necesita lograr y lo que su gente puede hacer de forma consistente, medible y sostenible.<\/em><br><\/p>\n","protected":false},"excerpt":{"rendered":"<p>Acompa\u00f1amos a organizaciones que enfrentan cambios operativos, tecnol\u00f3gicos y culturales a convertir esos cambios en capacidades reales de atenci\u00f3n, aprendizaje y ejecuci\u00f3n. Dise\u00f1amos metodolog\u00edas de atenci\u00f3n, trayectorias formativas y sistemas de soporte al desempe\u00f1o que conectan estrategia, procesos y tecnolog\u00eda &hellip; <\/p>\n","protected":false},"author":1,"featured_media":97,"parent":0,"menu_order":0,"comment_status":"closed","ping_status":"closed","template":"","meta":{"footnotes":""},"class_list":["post-22","page","type-page","status-publish","has-post-thumbnail","hentry"],"_links":{"self":[{"href":"https:\/\/adempresarial.com\/index.php?rest_route=\/wp\/v2\/pages\/22","targetHints":{"allow":["GET"]}}],"collection":[{"href":"https:\/\/adempresarial.com\/index.php?rest_route=\/wp\/v2\/pages"}],"about":[{"href":"https:\/\/adempresarial.com\/index.php?rest_route=\/wp\/v2\/types\/page"}],"author":[{"embeddable":true,"href":"https:\/\/adempresarial.com\/index.php?rest_route=\/wp\/v2\/users\/1"}],"replies":[{"embeddable":true,"href":"https:\/\/adempresarial.com\/index.php?rest_route=%2Fwp%2Fv2%2Fcomments&post=22"}],"version-history":[{"count":7,"href":"https:\/\/adempresarial.com\/index.php?rest_route=\/wp\/v2\/pages\/22\/revisions"}],"predecessor-version":[{"id":99,"href":"https:\/\/adempresarial.com\/index.php?rest_route=\/wp\/v2\/pages\/22\/revisions\/99"}],"wp:featuredmedia":[{"embeddable":true,"href":"https:\/\/adempresarial.com\/index.php?rest_route=\/wp\/v2\/media\/97"}],"wp:attachment":[{"href":"https:\/\/adempresarial.com\/index.php?rest_route=%2Fwp%2Fv2%2Fmedia&parent=22"}],"curies":[{"name":"wp","href":"https:\/\/api.w.org\/{rel}","templated":true}]}}